{"id":38,"date":"2021-06-23T17:54:14","date_gmt":"2021-06-23T15:54:14","guid":{"rendered":"http:\/\/poligraf.jns.pl\/?page_id=38"},"modified":"2025-06-13T13:52:08","modified_gmt":"2025-06-13T11:52:08","slug":"contact","status":"publish","type":"page","link":"https:\/\/poligraf.net.pl\/en\/contact\/","title":{"rendered":"Contact"},"content":{"rendered":"<p>&nbsp;<\/p>\n<h2>Contact details<\/h2>\n<p><iframe loading=\"lazy\" style=\"border: 0;\" src=\"https:\/\/www.google.com\/maps\/embed?pb=!1m18!1m12!1m3!1d4939.847823300594!2d19.475017292415973!3d51.75271489575771!2m3!1f0!2f0!3f0!3m2!1i1024!2i768!4f13.1!3m3!1m2!1s0x0%3A0x58e2f2bf41e21c50!2sPoligraf!5e0!3m2!1spl!2spl!4v1410792010992\" width=\"596\" height=\"240\" frameborder=\"0\"><\/iframe><\/p>\n<table width=\"100%\">\n<tbody>\n<tr>\n<td width=\"50%\">JOANNA WI\u0118CKOWSKA<br \/>\n<a href=\"mailto:joanna@poligraf.net.pl\">joanna@poligraf.net.pl<\/a><span style=\"display: none;\">This email address is being protected from spambots. You need JavaScript enabled to view it.<br \/>\n<script type=\"text\/javascript\">\n <!--\n document.write('<\/'); document.write('span>');\n \/\/-->\n <\/script><\/span><\/td>\n<td width=\"50%\">MAREK WI\u0118CKOWSKI<br \/>\n<a href=\"mailto:marek@poligraf.net.pl\">marek@poligraf.net.pl<\/a><span style=\"display: none;\">This email address is being protected from spambots. You need JavaScript enabled to view it.<br \/>\n<script type=\"text\/javascript\">\n <!--\n document.write('<\/'); document.write('span>');\n \/\/-->\n <\/script><\/span><\/td>\n<\/tr>\n<tr>\n<td style=\"padding-top: 10px;\" colspan=\"2\">90-349 \u0141\u00f3d\u017a, ul. Tymienieckiego 22\/24<a class=\"showMobile\" href=\"https:\/\/www.google.com\/maps\/place\/Poligraf\/@51.7537,19.475786,14z\/data=!4m2!3m1!1s0x0:0x58e2f2bf41e21c50?hl=pl-PL\" target=\"_blank\" rel=\"noopener\"> (view\u00a0map)<\/a>,<br \/>\n<a href=\"tel:+48500502216\">mobile +48 501 502 216<\/a>, <a href=\"mailto:biuro@poligraf.net.pl\">biuro@poligraf.net.pl<\/a><span style=\"display: none;\">This email address is being protected from spambots. You need JavaScript enabled to view it.<br \/>\n<script type=\"text\/javascript\">\n <!--\n document.write('<\/'); document.write('span>');\n \/\/-->\n <\/script><\/span><\/td>\n<\/tr>\n<\/tbody>\n<\/table>\n","protected":false},"excerpt":{"rendered":"<p>&nbsp; Contact details JOANNA WI\u0118CKOWSKA joanna@poligraf.net.plThis email address is being protected from spambots. You need JavaScript enabled to view it. MAREK WI\u0118CKOWSKI marek@poligraf.net.plThis email address is being protected from spambots. You need JavaScript enabled to view it. 90-349 \u0141\u00f3d\u017a, ul. Tymienieckiego 22\/24 (view\u00a0map), mobile +48 501 502 216, biuro@poligraf.net.plThis email address is being protected from [&hellip;]<\/p>\n","protected":false},"author":1,"featured_media":0,"parent":0,"menu_order":0,"comment_status":"closed","ping_status":"closed","template":"","meta":{"footnotes":""},"_links":{"self":[{"href":"https:\/\/poligraf.net.pl\/en\/wp-json\/wp\/v2\/pages\/38"}],"collection":[{"href":"https:\/\/poligraf.net.pl\/en\/wp-json\/wp\/v2\/pages"}],"about":[{"href":"https:\/\/poligraf.net.pl\/en\/wp-json\/wp\/v2\/types\/page"}],"author":[{"embeddable":true,"href":"https:\/\/poligraf.net.pl\/en\/wp-json\/wp\/v2\/users\/1"}],"replies":[{"embeddable":true,"href":"https:\/\/poligraf.net.pl\/en\/wp-json\/wp\/v2\/comments?post=38"}],"version-history":[{"count":2,"href":"https:\/\/poligraf.net.pl\/en\/wp-json\/wp\/v2\/pages\/38\/revisions"}],"predecessor-version":[{"id":117,"href":"https:\/\/poligraf.net.pl\/en\/wp-json\/wp\/v2\/pages\/38\/revisions\/117"}],"wp:attachment":[{"href":"https:\/\/poligraf.net.pl\/en\/wp-json\/wp\/v2\/media?parent=38"}],"curies":[{"name":"wp","href":"https:\/\/api.w.org\/{rel}","templated":true}]}}