{"id":31,"date":"2021-06-23T17:48:59","date_gmt":"2021-06-23T15:48:59","guid":{"rendered":"http:\/\/poligraf.jns.pl\/?page_id=31"},"modified":"2021-06-24T15:15:03","modified_gmt":"2021-06-24T13:15:03","slug":"about-us","status":"publish","type":"page","link":"https:\/\/poligraf.net.pl\/en\/","title":{"rendered":"About us"},"content":{"rendered":"<p>&nbsp;<\/p>\n<h2>Welcome to our site<\/h2>\n<p lang=\"en-US\">Our Printing House Poligraf was established in 1987. In 2005 we based our premises in the historic building of Priest&#8217;s Mill (Ksi\u0119\u017cy M\u0142yn) in the Lodz Special Economic Zone. We offer a wide range of printing services, specializing in printing projects which require creative solutions. In order to manufacture products of excellent quality we embrace new technologies, which can satisfy even the highest standards.<\/p>\n<p><a href=\"http:\/\/poligraf.jns.pl\/en\/products-and-services\/\">Please, have a look at our products and services.<\/a><\/p>\n<p>&nbsp;<\/p>\n","protected":false},"excerpt":{"rendered":"<p>&nbsp; Welcome to our site Our Printing House Poligraf was established in 1987. In 2005 we based our premises in the historic building of Priest&#8217;s Mill (Ksi\u0119\u017cy M\u0142yn) in the Lodz Special Economic Zone. We offer a wide range of printing services, specializing in printing projects which require creative solutions. In order to manufacture products [&hellip;]<\/p>\n","protected":false},"author":1,"featured_media":0,"parent":0,"menu_order":0,"comment_status":"closed","ping_status":"closed","template":"","meta":{"footnotes":""},"_links":{"self":[{"href":"https:\/\/poligraf.net.pl\/en\/wp-json\/wp\/v2\/pages\/31"}],"collection":[{"href":"https:\/\/poligraf.net.pl\/en\/wp-json\/wp\/v2\/pages"}],"about":[{"href":"https:\/\/poligraf.net.pl\/en\/wp-json\/wp\/v2\/types\/page"}],"author":[{"embeddable":true,"href":"https:\/\/poligraf.net.pl\/en\/wp-json\/wp\/v2\/users\/1"}],"replies":[{"embeddable":true,"href":"https:\/\/poligraf.net.pl\/en\/wp-json\/wp\/v2\/comments?post=31"}],"version-history":[{"count":2,"href":"https:\/\/poligraf.net.pl\/en\/wp-json\/wp\/v2\/pages\/31\/revisions"}],"predecessor-version":[{"id":108,"href":"https:\/\/poligraf.net.pl\/en\/wp-json\/wp\/v2\/pages\/31\/revisions\/108"}],"wp:attachment":[{"href":"https:\/\/poligraf.net.pl\/en\/wp-json\/wp\/v2\/media?parent=31"}],"curies":[{"name":"wp","href":"https:\/\/api.w.org\/{rel}","templated":true}]}}